{"id":34,"date":"2024-09-14T13:24:38","date_gmt":"2024-09-14T11:24:38","guid":{"rendered":"https:\/\/musicalkids-hausleiten.at\/?page_id=34"},"modified":"2025-10-05T13:05:32","modified_gmt":"2025-10-05T11:05:32","slug":"wer-wir-sind","status":"publish","type":"page","link":"https:\/\/www.musicalkids-hausleiten.at\/","title":{"rendered":"Wer wir sind"},"content":{"rendered":"\n<p>Die Musical Kids sind ein eingetragener Verein, deren Mitglieder es sich zum Ziel gesetzt haben, die k\u00fcnstlerische Entwicklung und Entfaltung der Kreativit\u00e4t Minderj\u00e4hriger zu f\u00f6rdern.<\/p>\n\n\n\n<p>Die bisher aufgef\u00fchrten St\u00fccke<\/p>\n\n\n\n<ul class=\"wp-block-list\">\n<li>2011: Mats und die Wundersteine<\/li>\n\n\n\n<li>2012: Felix und das weltbeste Geburtstagsgeschenk<\/li>\n\n\n\n<li>2013: Der Regenbogenfisch entdeckt die Tiefsee<\/li>\n\n\n\n<li>2014: Party im M\u00e4rchenland<\/li>\n\n\n\n<li>2015: Es ist so sch\u00f6n, ein Querk zu sein<\/li>\n\n\n\n<li>2016: Die Geschichte des Gr\u00fcffelo<\/li>\n\n\n\n<li>2017: Pippi L.<\/li>\n\n\n\n<li>2018: Geheimnis der Burg Farbenfroh<\/li>\n\n\n\n<li>2019: Kein Bild, kein Ton, jetzt ratet schon!<\/li>\n\n\n\n<li>2020: Prinzessin gesucht (Die Auff\u00fchrung ist leider C. zum Opfer gefallen)<\/li>\n\n\n\n<li>2022: Prinzessin gesucht &#8211; jetzt erst recht!<\/li>\n\n\n\n<li>2023: Nachts am Bauernhof<\/li>\n\n\n\n<li>2024: Die Suche nach Grete und Bernd<\/li>\n<\/ul>\n","protected":false},"excerpt":{"rendered":"<p>Die Musical Kids sind ein eingetragener Verein, deren Mitglieder es sich zum Ziel gesetzt haben, die k\u00fcnstlerische Entwicklung und Entfaltung der Kreativit\u00e4t Minderj\u00e4hriger zu f\u00f6rdern. Die bisher aufgef\u00fchrten St\u00fccke<\/p>\n","protected":false},"author":1,"featured_media":0,"parent":0,"menu_order":0,"comment_status":"closed","ping_status":"closed","template":"","meta":{"footnotes":""},"class_list":["post-34","page","type-page","status-publish","hentry"],"_links":{"self":[{"href":"https:\/\/www.musicalkids-hausleiten.at\/index.php\/wp-json\/wp\/v2\/pages\/34","targetHints":{"allow":["GET"]}}],"collection":[{"href":"https:\/\/www.musicalkids-hausleiten.at\/index.php\/wp-json\/wp\/v2\/pages"}],"about":[{"href":"https:\/\/www.musicalkids-hausleiten.at\/index.php\/wp-json\/wp\/v2\/types\/page"}],"author":[{"embeddable":true,"href":"https:\/\/www.musicalkids-hausleiten.at\/index.php\/wp-json\/wp\/v2\/users\/1"}],"replies":[{"embeddable":true,"href":"https:\/\/www.musicalkids-hausleiten.at\/index.php\/wp-json\/wp\/v2\/comments?post=34"}],"version-history":[{"count":2,"href":"https:\/\/www.musicalkids-hausleiten.at\/index.php\/wp-json\/wp\/v2\/pages\/34\/revisions"}],"predecessor-version":[{"id":82,"href":"https:\/\/www.musicalkids-hausleiten.at\/index.php\/wp-json\/wp\/v2\/pages\/34\/revisions\/82"}],"wp:attachment":[{"href":"https:\/\/www.musicalkids-hausleiten.at\/index.php\/wp-json\/wp\/v2\/media?parent=34"}],"curies":[{"name":"wp","href":"https:\/\/api.w.org\/{rel}","templated":true}]}}